{"id":2,"date":"2023-07-01T18:25:09","date_gmt":"2023-07-01T16:25:09","guid":{"rendered":"http:\/\/localhost\/landgasthaus\/?page_id=2"},"modified":"2023-10-03T16:08:05","modified_gmt":"2023-10-03T14:08:05","slug":"uber-uns","status":"publish","type":"page","link":"https:\/\/landgasthaus-von-kalnassy.de\/?page_id=2","title":{"rendered":"\u00dcber uns"},"content":{"rendered":"\n<p>Das Landgasthaus von Kalnassy kann auf eine lange Familientradition zur\u00fcckblicken. Bis heute ist unsere Gastst\u00e4tte in Familienbesitz. Er\u00f6ffnet wurde sie 1881 von Friedrich Reinwagen als Gastwirtschaft mit Kolonialwarenhandel. Heute befindet sich das Gasthaus und der Lebensmittelladen im Besitz von Elsa von Kalnassy, der Tochter Friedrich Reinwagens.<\/p>\n\n\n\n<p>Heute bietet das Landgasthaus mit seiner kleinen Gastst\u00e4tte Platz f\u00fcr 23 G\u00e4ste, die wir mit regionaler K\u00fcche verw\u00f6hnen. Nebenan findet sich zudem ein Saal f\u00fcr Familienfeiern und andere Feste mit bis zu 60 G\u00e4sten. Ein Biergarten f\u00fcr die Sommersaison f\u00fcr 12 G\u00e4ste und ein Lebensmittelgesch\u00e4ft, in dem wir \u00fcberwiegend Produkte aus der n\u00e4heren Umgebung verkaufen, geh\u00f6ren ebenfalls dazu.<\/p>\n\n\n\n<figure class=\"wp-block-image size-full wp-duotone-foreground-and-background\"><img loading=\"lazy\" decoding=\"async\" width=\"500\" height=\"375\" src=\"http:\/\/localhost\/landgasthaus\/wp-content\/uploads\/2023\/07\/Ansicht_aussen.jpg\" alt=\"Au\u00dfenansicht des Landgasthauses\" class=\"wp-image-32\"\/><\/figure>\n\n\n\n<p>Wir freuen uns, Sie von Donnerstag bis Sonntag bei uns begr\u00fc\u00dfen zu d\u00fcrfen. Sie k\u00f6nnen schon vormittags auf ein Fr\u00fchst\u00fcck oder eine kleine Brotzeit oder zum Mittagstisch bei uns vorbeischauen. Sonntags haben wir sogar durchgehend ge\u00f6ffnet. An den anderen Tagen \u00f6ffnen wir nach unserer Mittagspause jeweils wieder ab 15:30 und bleiben ge\u00f6ffnet, solange wie Sie bleiben m\u00f6chten.<br>Au\u00dferdem bieten wir Ihnen gerne auch Essen au\u00dfer Haus an. Rufen Sie uns daf\u00fcr einfach unter einer der <a href=\"https:\/\/landgasthaus-von-kalnassy.de\/?page_id=18\" data-type=\"page\" data-id=\"18\">hier angegebenen Nummern<\/a> an.<\/p>\n","protected":false},"excerpt":{"rendered":"<p>Das Landgasthaus von Kalnassy kann auf eine lange Familientradition zur\u00fcckblicken. Bis heute ist unsere Gastst\u00e4tte in Familienbesitz. Er\u00f6ffnet wurde sie 1881 von Friedrich Reinwagen als Gastwirtschaft mit Kolonialwarenhandel. Heute befindet sich das Gasthaus und der Lebensmittelladen im Besitz von Elsa von Kalnassy, der Tochter Friedrich Reinwagens. Heute bietet das Landgasthaus mit seiner kleinen Gastst\u00e4tte Platz [&hellip;]<\/p>\n","protected":false},"author":1,"featured_media":0,"parent":0,"menu_order":0,"comment_status":"closed","ping_status":"open","template":"","meta":{"footnotes":""},"class_list":["post-2","page","type-page","status-publish","hentry"],"_links":{"self":[{"href":"https:\/\/landgasthaus-von-kalnassy.de\/index.php?rest_route=\/wp\/v2\/pages\/2","targetHints":{"allow":["GET"]}}],"collection":[{"href":"https:\/\/landgasthaus-von-kalnassy.de\/index.php?rest_route=\/wp\/v2\/pages"}],"about":[{"href":"https:\/\/landgasthaus-von-kalnassy.de\/index.php?rest_route=\/wp\/v2\/types\/page"}],"author":[{"embeddable":true,"href":"https:\/\/landgasthaus-von-kalnassy.de\/index.php?rest_route=\/wp\/v2\/users\/1"}],"replies":[{"embeddable":true,"href":"https:\/\/landgasthaus-von-kalnassy.de\/index.php?rest_route=%2Fwp%2Fv2%2Fcomments&post=2"}],"version-history":[{"count":4,"href":"https:\/\/landgasthaus-von-kalnassy.de\/index.php?rest_route=\/wp\/v2\/pages\/2\/revisions"}],"predecessor-version":[{"id":90,"href":"https:\/\/landgasthaus-von-kalnassy.de\/index.php?rest_route=\/wp\/v2\/pages\/2\/revisions\/90"}],"wp:attachment":[{"href":"https:\/\/landgasthaus-von-kalnassy.de\/index.php?rest_route=%2Fwp%2Fv2%2Fmedia&parent=2"}],"curies":[{"name":"wp","href":"https:\/\/api.w.org\/{rel}","templated":true}]}}