{"id":18,"date":"2023-07-01T18:47:29","date_gmt":"2023-07-01T16:47:29","guid":{"rendered":"http:\/\/localhost\/landgasthaus\/?page_id=18"},"modified":"2023-07-01T18:47:39","modified_gmt":"2023-07-01T16:47:39","slug":"kontakt","status":"publish","type":"page","link":"https:\/\/landgasthaus-von-kalnassy.de\/?page_id=18","title":{"rendered":"Kontakt"},"content":{"rendered":"\n<p>Unsere Anschrift lautet:<\/p>\n\n\n\n<p>Landgasthaus von Kalnassy<br>Unterland 7<br>39439 G\u00fcsten OT Warmsdorf<br><br>Sie k\u00f6nnen uns unter dieser Email-Adresse erreichen:<br><a href=\"mailto:landgasthausvonkalnassy@gmail.com\"><code>landgasthausvonkalnassy@gmail.com<\/code><\/a><\/p>\n\n\n\n<p>Bitte haben Sie jedoch Verst\u00e4ndnis, dass wir Emails nicht sofort beantworten k\u00f6nnen. Sie k\u00f6nnen uns jedoch gerne unter folgenden Nummern erreichen und uns Ihre Fragen, Bestellungen und Reservierungen mitteilen:<\/p>\n\n\n\n<p>\ud83d\udcde <code>039262 \/ 590<\/code><\/p>\n\n\n\n<p>\u260e\ufe0f <code>0162 \/ 3244651<\/code><\/p>\n\n\n\n<p>\ud83d\udcf1 <code>0152 \/ 02141080<\/code><\/p>\n","protected":false},"excerpt":{"rendered":"<p>Unsere Anschrift lautet: Landgasthaus von KalnassyUnterland 739439 G\u00fcsten OT Warmsdorf Sie k\u00f6nnen uns unter dieser Email-Adresse erreichen:landgasthausvonkalnassy@gmail.com Bitte haben Sie jedoch Verst\u00e4ndnis, dass wir Emails nicht sofort beantworten k\u00f6nnen. Sie k\u00f6nnen uns jedoch gerne unter folgenden Nummern erreichen und uns Ihre Fragen, Bestellungen und Reservierungen mitteilen: \ud83d\udcde 039262 \/ 590 \u260e\ufe0f 0162 \/ 3244651 \ud83d\udcf1 [&hellip;]<\/p>\n","protected":false},"author":1,"featured_media":0,"parent":0,"menu_order":0,"comment_status":"closed","ping_status":"closed","template":"","meta":{"footnotes":""},"class_list":["post-18","page","type-page","status-publish","hentry"],"_links":{"self":[{"href":"https:\/\/landgasthaus-von-kalnassy.de\/index.php?rest_route=\/wp\/v2\/pages\/18","targetHints":{"allow":["GET"]}}],"collection":[{"href":"https:\/\/landgasthaus-von-kalnassy.de\/index.php?rest_route=\/wp\/v2\/pages"}],"about":[{"href":"https:\/\/landgasthaus-von-kalnassy.de\/index.php?rest_route=\/wp\/v2\/types\/page"}],"author":[{"embeddable":true,"href":"https:\/\/landgasthaus-von-kalnassy.de\/index.php?rest_route=\/wp\/v2\/users\/1"}],"replies":[{"embeddable":true,"href":"https:\/\/landgasthaus-von-kalnassy.de\/index.php?rest_route=%2Fwp%2Fv2%2Fcomments&post=18"}],"version-history":[{"count":2,"href":"https:\/\/landgasthaus-von-kalnassy.de\/index.php?rest_route=\/wp\/v2\/pages\/18\/revisions"}],"predecessor-version":[{"id":20,"href":"https:\/\/landgasthaus-von-kalnassy.de\/index.php?rest_route=\/wp\/v2\/pages\/18\/revisions\/20"}],"wp:attachment":[{"href":"https:\/\/landgasthaus-von-kalnassy.de\/index.php?rest_route=%2Fwp%2Fv2%2Fmedia&parent=18"}],"curies":[{"name":"wp","href":"https:\/\/api.w.org\/{rel}","templated":true}]}}