{"id":15,"date":"2023-07-01T18:41:52","date_gmt":"2023-07-01T16:41:52","guid":{"rendered":"http:\/\/localhost\/landgasthaus\/?page_id=15"},"modified":"2023-07-01T18:42:11","modified_gmt":"2023-07-01T16:42:11","slug":"oeffnungszeiten","status":"publish","type":"page","link":"https:\/\/landgasthaus-von-kalnassy.de\/?page_id=15","title":{"rendered":"\u00d6ffnungszeiten"},"content":{"rendered":"\n<p>Von Donnerstag bis Sonntag k\u00f6nnen Sie schon vormittags auf ein Fr\u00fchst\u00fcck oder eine kleine Brotzeit bei uns vorbeischauen oder zum Mittagstisch vorbeischauen. Sonntags haben wir sogar durchgehend ge\u00f6ffnet. An den anderen Tagen \u00f6ffnen wir nach unserer Mittagspause jeweils wieder ab 15:30 und bleiben ge\u00f6ffnet, solange wie Sie bleiben m\u00f6chten.<\/p>\n\n\n\n<p>Au\u00dferdem bieten wir Ihnen gerne auch Essen au\u00dfer Haus an. Rufen Sie uns daf\u00fcr einfach an.<\/p>\n\n\n\n<p>Unser kleiner Lebensmittelladen ist von Donnerstag bis Sonnabend ge\u00f6ffnet.<\/p>\n\n\n\n<figure class=\"wp-block-table\"><table><thead><tr><th colspan=\"3\">\u00d6ffnungszeiten der Gastst\u00e4tte ab dem 01.07.2022<\/th><\/tr><\/thead><tbody><tr><th>Donnerstag<\/th><td>8:00 &#8211; 13:30<\/td><td>ab 15:30<\/td><\/tr><tr><th>Freitag<\/th><td>8:00 &#8211; 13:30<\/td><td>ab 15:30<\/td><\/tr><tr><th>Sonnabend<\/th><td>10:00 &#8211; 13:30<\/td><td>ab 15:30<\/td><\/tr><tr><th>Sonntag<\/th><td>10:00 &#8211; 18:00<\/td><\/tr><\/tbody><\/table><\/figure>\n\n\n\n<p id=\"announce\">Unser kleines Lebensmittelgesch\u00e4ft ist zur Zeit wie folgt ge\u00f6ffnet:<\/p>\n\n\n\n<figure class=\"wp-block-table\"><table><tbody><tr><th>Donnerstag<\/th><td>8:00 &#8211; 12:00<\/td><td>15:30 &#8211; 18:00<\/td><\/tr><tr><th>Freitag<\/th><td>8:00 &#8211; 12:00<\/td><td>15:30 &#8211; 18:00<\/td><\/tr><tr><th>Sonnabend<\/th><td>8:00 &#8211; 12:00<\/td><td>15:30 &#8211; 18:00<\/td><\/tr><\/tbody><\/table><\/figure>\n\n\n\n<p>Wir freuen uns auf Ihren Besuch!<\/p>\n\n\n\n<p>Ihr Landgasthaus-Team<\/p>\n","protected":false},"excerpt":{"rendered":"<p>Von Donnerstag bis Sonntag k\u00f6nnen Sie schon vormittags auf ein Fr\u00fchst\u00fcck oder eine kleine Brotzeit bei uns vorbeischauen oder zum Mittagstisch vorbeischauen. Sonntags haben wir sogar durchgehend ge\u00f6ffnet. An den anderen Tagen \u00f6ffnen wir nach unserer Mittagspause jeweils wieder ab 15:30 und bleiben ge\u00f6ffnet, solange wie Sie bleiben m\u00f6chten. Au\u00dferdem bieten wir Ihnen gerne auch [&hellip;]<\/p>\n","protected":false},"author":1,"featured_media":0,"parent":0,"menu_order":0,"comment_status":"closed","ping_status":"closed","template":"","meta":{"footnotes":""},"class_list":["post-15","page","type-page","status-publish","hentry"],"_links":{"self":[{"href":"https:\/\/landgasthaus-von-kalnassy.de\/index.php?rest_route=\/wp\/v2\/pages\/15","targetHints":{"allow":["GET"]}}],"collection":[{"href":"https:\/\/landgasthaus-von-kalnassy.de\/index.php?rest_route=\/wp\/v2\/pages"}],"about":[{"href":"https:\/\/landgasthaus-von-kalnassy.de\/index.php?rest_route=\/wp\/v2\/types\/page"}],"author":[{"embeddable":true,"href":"https:\/\/landgasthaus-von-kalnassy.de\/index.php?rest_route=\/wp\/v2\/users\/1"}],"replies":[{"embeddable":true,"href":"https:\/\/landgasthaus-von-kalnassy.de\/index.php?rest_route=%2Fwp%2Fv2%2Fcomments&post=15"}],"version-history":[{"count":2,"href":"https:\/\/landgasthaus-von-kalnassy.de\/index.php?rest_route=\/wp\/v2\/pages\/15\/revisions"}],"predecessor-version":[{"id":17,"href":"https:\/\/landgasthaus-von-kalnassy.de\/index.php?rest_route=\/wp\/v2\/pages\/15\/revisions\/17"}],"wp:attachment":[{"href":"https:\/\/landgasthaus-von-kalnassy.de\/index.php?rest_route=%2Fwp%2Fv2%2Fmedia&parent=15"}],"curies":[{"name":"wp","href":"https:\/\/api.w.org\/{rel}","templated":true}]}}