

{"id":10,"date":"2023-07-01T18:33:34","date_gmt":"2023-07-01T16:33:34","guid":{"rendered":"http:\/\/localhost\/landgasthaus\/?page_id=10"},"modified":"2023-07-01T18:39:27","modified_gmt":"2023-07-01T16:39:27","slug":"anfahrt","status":"publish","type":"page","link":"https:\/\/landgasthaus-von-kalnassy.de\/?page_id=10","title":{"rendered":"Anfahrt"},"content":{"rendered":"\n<h1 class=\"wp-block-heading\">So finden Sie uns<\/h1>\n\n\n\n<p>Unser Landgasthaus liegt im kleinen D\u00f6rfchen Warmsdorf an der Wipper im Herzen Sachen-Anhalts.<\/p>\n\n\n\n<p>Auf der A36 nehmen Sie die Abfahrt 30 in Richtung G\u00fcsten und folgen dann der Beschilderung nach Warmsdorf. Bleiben sie auf der Stra\u00dfe Unterland bis zur Hausnummer 7. Linkerhand befindet sich unser Landgasthaus.<\/p>\n\n\n\n<p><div id=\"wpwrap\"><div id=\"wpcontent\"><div id=\"wpbody\" role=\"main\"><div id=\"wpbody-content\"><div class=\"block-editor\"><div id=\"editor\" class=\"block-editor__container hide-if-no-js\"><div><div class=\"edit-post-layout is-mode-visual is-sidebar-opened has-metaboxes interface-interface-skeleton has-footer\"><div class=\"interface-interface-skeleton__editor\"><div class=\"interface-interface-skeleton__body\"><div class=\"interface-navigable-region interface-interface-skeleton__content\" aria-label=\"Editor-Inhalt\" role=\"region\" tabindex=\"-1\"><div class=\"edit-post-layout__metaboxes\"><div class=\"edit-post-meta-boxes-area is-normal\"><div class=\"edit-post-meta-boxes-area__container\"><form class=\"metabox-location-normal\"><div id=\"poststuff\" class=\"sidebar-open\"><div id=\"postbox-container-2\" class=\"postbox-container\"><div id=\"normal-sortables\" class=\"meta-box-sortables ui-sortable\"><div id=\"osm-sc-meta\" class=\"postbox\"><div class=\"inside\"><div id=\"ShortCode_Div\">\n        <div id=\"map_ol3js_1\"\n             class=\"map undefined\"\n             data-map_name=\"undefined\"\n             data-map=\"map_ol3js_1\"\n             style=\"width:95%;\n                    max-width:100%;\n                    height:450px;\n                    display:block;\n                    overflow:hidden;\n                    border:thin solid black;\">\n          <div id=\"map_ol3js_1_popup\" class=\"ol-popup\">\n            <a href=\"#\" id=\"map_ol3js_1_popup-closer\" class=\"ol-popup-closer\"><\/a>\n            <div id=\"map_ol3js_1_popup-content\"><\/div>\n          <\/div>\n        <\/div>\n    \n\n\t\t\t\t<script type=\"text\/javascript\">\n\t\t\t\t\ttranslations['openlayer'] = \"open layer\";\n\t\t\t\t\ttranslations['openlayerAtStartup'] = \"open layer at startup\";\n\t\t\t\t\ttranslations['generateLink'] = \"Der Link zur Karte mit ausgew\u00e4hlten Overlays und angezeigtem Ausschnitt\";\n\t\t\t\t\ttranslations['shortDescription'] = \"Kurzbeschreibung\";\n\t\t\t\t\ttranslations['generatedShortCode'] = \"to get a text control link paste this code in your wordpress editor\";\n\t\t\t\t\ttranslations['closeLayer'] = \"close layer\";\n\t\t\t\t\ttranslations['cantGenerateLink'] = \"put this string in the existing map short code to control this map\";\n\t\t\t  <\/script>\n\n\n\t\t\t  <script type=\"text\/javascript\">\n\t\t\t  vectorM['map_ol3js_1'] = [];\n\t        \n        var raster = getTileLayer(\"osm\",\"NoKey\");\t\t\t\n\n\t\t\t  var map_ol3js_1 = new ol.Map({\n\t\t\t\tinteractions: ol.interaction.defaults.defaults({mouseWheelZoom:false}),\n\t\t\t\tlayers: [raster],\n\t\t\t\ttarget: \"map_ol3js_1\",\n\t\t\t\tview: new ol.View({\n\t\t\t\t  center: ol.proj.transform([11.5813,51.7800], \"EPSG:4326\", \"EPSG:3857\"),\n\t\t\t\t  zoom: 14.0\n\t\t\t\t})\n\t\t\t  });\n\t\t\t  osm_addMarkerLayer(map_ol3js_1,11.5815,51.7801,\"https:\/\/landgasthaus-von-kalnassy.de\/wp-content\/plugins\/osm\/icons\/mic_black_wine_10.png\",-16,-41,\"<p><\/p>\") ; \naddControls2Map(map_ol3js_1,0,0,3,0,5,6,7,0,1);\nosm_addPopupClickhandler(map_ol3js_1,  \"map_ol3js_1\"); \nosm_addMouseHover(map_ol3js_1); <\/script><\/div><\/div><\/div><\/div><\/div><\/div><\/form><\/div><\/div><\/div><\/div><\/div><\/div><\/div><\/div><\/div><\/div><\/div><\/div><\/div><\/div><\/p>\n","protected":false},"excerpt":{"rendered":"<p>So finden Sie uns Unser Landgasthaus liegt im kleinen D\u00f6rfchen Warmsdorf an der Wipper im Herzen Sachen-Anhalts. Auf der A36 nehmen Sie die Abfahrt 30 in Richtung G\u00fcsten und folgen dann der Beschilderung nach Warmsdorf. Bleiben sie auf der Stra\u00dfe Unterland bis zur Hausnummer 7. Linkerhand befindet sich unser Landgasthaus.<\/p>\n","protected":false},"author":1,"featured_media":0,"parent":0,"menu_order":0,"comment_status":"closed","ping_status":"closed","template":"","meta":{"footnotes":""},"class_list":["post-10","page","type-page","status-publish","hentry"],"_links":{"self":[{"href":"https:\/\/landgasthaus-von-kalnassy.de\/index.php?rest_route=\/wp\/v2\/pages\/10","targetHints":{"allow":["GET"]}}],"collection":[{"href":"https:\/\/landgasthaus-von-kalnassy.de\/index.php?rest_route=\/wp\/v2\/pages"}],"about":[{"href":"https:\/\/landgasthaus-von-kalnassy.de\/index.php?rest_route=\/wp\/v2\/types\/page"}],"author":[{"embeddable":true,"href":"https:\/\/landgasthaus-von-kalnassy.de\/index.php?rest_route=\/wp\/v2\/users\/1"}],"replies":[{"embeddable":true,"href":"https:\/\/landgasthaus-von-kalnassy.de\/index.php?rest_route=%2Fwp%2Fv2%2Fcomments&post=10"}],"version-history":[{"count":4,"href":"https:\/\/landgasthaus-von-kalnassy.de\/index.php?rest_route=\/wp\/v2\/pages\/10\/revisions"}],"predecessor-version":[{"id":14,"href":"https:\/\/landgasthaus-von-kalnassy.de\/index.php?rest_route=\/wp\/v2\/pages\/10\/revisions\/14"}],"wp:attachment":[{"href":"https:\/\/landgasthaus-von-kalnassy.de\/index.php?rest_route=%2Fwp%2Fv2%2Fmedia&parent=10"}],"curies":[{"name":"wp","href":"https:\/\/api.w.org\/{rel}","templated":true}]}}